{"id":3655,"date":"2018-08-01T16:18:49","date_gmt":"2018-08-01T14:18:49","guid":{"rendered":"http:\/\/www.dastfinanz.de\/side\/?page_id=3655"},"modified":"2021-03-31T17:54:24","modified_gmt":"2021-03-31T15:54:24","slug":"ueber-uns","status":"publish","type":"page","link":"https:\/\/www.dastfinanz.de\/side\/ueber-uns\/","title":{"rendered":"\u00dcber uns"},"content":{"rendered":"\n<style type=\"text\/css\" data-created_by=\"avia_inline_auto\" id=\"style-css-av-6w4h6f-006910c80d374fc4f6b66a3f26576230\">\n.avia-section.av-6w4h6f-006910c80d374fc4f6b66a3f26576230 .av-parallax .av-parallax-inner{\nbackground-repeat:no-repeat;\nbackground-image:url(https:\/\/www.dastfinanz.de\/side\/wp-content\/uploads\/2021\/03\/vkarte-envanto.jpg);\nbackground-position:50% 50%;\nbackground-attachment:scroll;\n}\n<\/style>\n<div id='av_section_1'  class='avia-section av-6w4h6f-006910c80d374fc4f6b66a3f26576230 main_color avia-section-default avia-no-shadow  avia-builder-el-0  el_before_av_textblock  avia-builder-el-first  avia-full-stretch av-parallax-section avia-bg-style-parallax av-minimum-height av-minimum-height-25 av-height-25  container_wrap sidebar_right'  data-section-bg-repeat='stretch' data-av_minimum_height_pc='25' data-av_min_height_opt='25'><div class='av-parallax' data-avia-parallax-ratio='0.3' ><div class='av-parallax-inner main_color avia-full-stretch'><\/div><\/div><div class='container av-section-cont-open' ><main  role=\"main\" itemprop=\"mainContentOfPage\"  class='template-page content  av-content-small alpha units'><div class='post-entry post-entry-type-page post-entry-3655'><div class='entry-content-wrapper clearfix'>\n<section  class='av_textblock_section av-5m9o5z-f89f848126cc757d3e9fc5c22cfb1d2c '   itemscope=\"itemscope\" itemtype=\"https:\/\/schema.org\/CreativeWork\" ><div class='avia_textblock'  itemprop=\"text\" ><h1 style=\"text-align: center;\">Das ist Dastfinanz<\/h1>\n<\/div><\/section>\n<\/div><\/div><\/main><!-- close content main element --><\/div><\/div><div id='after_section_1'  class='main_color av_default_container_wrap container_wrap sidebar_right'  ><div class='container av-section-cont-open' ><div class='template-page content  av-content-small alpha units'><div class='post-entry post-entry-type-page post-entry-3655'><div class='entry-content-wrapper clearfix'>\n<section  class='av_textblock_section av-3q0jdj-f20dbbc9e3868b9dcd08c91d1654142f '   itemscope=\"itemscope\" itemtype=\"https:\/\/schema.org\/CreativeWork\" ><div class='avia_textblock'  itemprop=\"text\" ><h2>Meine Erfahrungen<\/h2>\n<p>Das Unternehmen wurde im Dezember 1999 gegr\u00fcndet. Damals noch t\u00e4tig als Versicherungsmakler, besch\u00e4ftigte man sich vorrangig um die Absicherung wie auch um Geldanlagen. Mit der Kooperation im Jahre 2001 mit mehreren Bautr\u00e4gern, wurde das Hauptgesch\u00e4ft im Finanzierungsbereich angesiedelt. Hierdurch entstanden die ersten Bankkontakte f\u00fcr eine Zusammenarbeit. Als einer der ersten am Markt wurde ein neues Produkt auf dem deutschen Markt vermittelt, da\u00df es erstmal zulie\u00df, eine 105% Finanzierung zu realisieren. Mit der damaligen holl\u00e4ndischen Bank &#8211; ABN Amro &#8211; wurde dieses Produkt spezifisch auf dem Markt plaziert und auch gut von unseren Kunden angenommen.<\/p>\n<p>Weitere Bankpartner stiegen ebenfalls auf diesen &#8222;fahrenden Boom&#8220; auf. So wurden St\u00fcck f\u00fcr St\u00fcck weitere Highlights auf dem Finanzierungssektor erarbeitet und f\u00fcr die Kunden ma\u00dfgeschneidert. Heute finanzieren wir bis zu 130% und das ohne Eigenkapitaleinsatz. Eine M\u00f6glichkeit, bei der selbst die Hausbank meist ablehnen muss. Wo die Hausbank nein sagt, springen wir f\u00fcr Sie ein.<\/p>\n<p>Unsere heutigen Gesch\u00e4ftspartner z\u00e4hlen zu den Gro\u00dfbanken im In- und Ausland. Wir bedienen jeden Kundenwunsch, sofern die Bonit\u00e4t gegeben ist. Jedoch auch schwierige F\u00e4lle verm\u00f6gen wir zu Gunsten unserer Kunden zu realisieren.<\/p>\n<p>Heute schauen wir auf \u00fcber 500\u00a0Partner und knapp 20 Jahre Erfahrung zur\u00fcck. Alleine unsere Referenzen bzw. Kooperationspartner sind \u00fcberw\u00e4ltigend. Wir vermitteln f\u00fcr unsere Partner die passende Bank, damit auch deren Kunden sich den Traum von den eigenen vier W\u00e4nden leisten k\u00f6nnen und auch erf\u00fcllen k\u00f6nnen.<\/p>\n<p>DAST Finanzierungen stehen Ihnen mit Kompetenz, Beratung und Ihrer Erfahrung immer zur Seite. Testen Sie uns.<\/p>\n<p><em>Ihr Dalibor Strk<\/em><\/p>\n<\/div><\/section>\n<div  class='av_promobox av-320zev-bd8d0d3e6243872f2f293d0ee13fd575 avia-button-yes  avia-builder-el-3  el_after_av_textblock  avia-builder-el-last '><div class='avia-promocontent'><\/p>\n<p style=\"text-align: left;\">Finden Sie mich auf Google Maps und Google Buisness:<\/p>\n<p>\n<\/div><div  class='avia-button-wrap av-320zev-48287fd6f386e87033aeb2556e67931c-wrap avia-button-right '><a href='https:\/\/www.google.com\/maps\/place\/DAST+Finanzierungen\/@48.3327062,8.6609963,15z\/data=!4m5!3m4!1s0x0:0x7adceeb1c06e2a06!8m2!3d48.3327062!4d8.6609963' class='avia-button av-320zev-48287fd6f386e87033aeb2556e67931c avia-icon_select-yes-left-icon avia-size-large avia-position-right avia-color-theme-color' target=\"_blank\" rel=\"noopener noreferrer\"><span class='avia_button_icon avia_button_icon_left' aria-hidden='true' data-av_icon='\ue80a' data-av_iconfont='entypo-fontello'><\/span><span class='avia_iconbox_title' >Details aufrufen<\/span><\/a><\/div><\/div>\n","protected":false},"excerpt":{"rendered":"","protected":false},"author":3,"featured_media":0,"parent":0,"menu_order":0,"comment_status":"closed","ping_status":"closed","template":"","meta":{"footnotes":""},"class_list":["post-3655","page","type-page","status-publish","hentry"],"_links":{"self":[{"href":"https:\/\/www.dastfinanz.de\/side\/wp-json\/wp\/v2\/pages\/3655","targetHints":{"allow":["GET"]}}],"collection":[{"href":"https:\/\/www.dastfinanz.de\/side\/wp-json\/wp\/v2\/pages"}],"about":[{"href":"https:\/\/www.dastfinanz.de\/side\/wp-json\/wp\/v2\/types\/page"}],"author":[{"embeddable":true,"href":"https:\/\/www.dastfinanz.de\/side\/wp-json\/wp\/v2\/users\/3"}],"replies":[{"embeddable":true,"href":"https:\/\/www.dastfinanz.de\/side\/wp-json\/wp\/v2\/comments?post=3655"}],"version-history":[{"count":0,"href":"https:\/\/www.dastfinanz.de\/side\/wp-json\/wp\/v2\/pages\/3655\/revisions"}],"wp:attachment":[{"href":"https:\/\/www.dastfinanz.de\/side\/wp-json\/wp\/v2\/media?parent=3655"}],"curies":[{"name":"wp","href":"https:\/\/api.w.org\/{rel}","templated":true}]}}