{"id":3766,"date":"2018-09-14T11:38:58","date_gmt":"2018-09-14T09:38:58","guid":{"rendered":"http:\/\/www.dastfinanz.de\/side\/?page_id=3766"},"modified":"2021-03-31T12:56:14","modified_gmt":"2021-03-31T10:56:14","slug":"datenschutzerklaerung","status":"publish","type":"page","link":"https:\/\/www.dastfinanz.de\/side\/datenschutzerklaerung\/","title":{"rendered":"Datenschutzerkl\u00e4rung"},"content":{"rendered":"<h1>Datenschutzerkl\u00e4rung<\/h1>\n<p>Mit dieser Datenschutzerkl\u00e4rung m\u00f6chten wir Sie \u00fcber Art, Umfang und Zweck der Verarbeitung von personenbezogenen Daten (im Folgenden auch nur als \u201cDaten\u201d bezeichnet) aufkl\u00e4ren. Personenbezogene Daten sind alle Daten, die einen pers\u00f6nlichen Bezug zu Ihnen aufweisen, z. B. Name, Adresse, E-Mail-Adresse oder Ihr Nutzerverhalten. Die Datenschutzerkl\u00e4rung gilt f\u00fcr alle von uns vorgenommene Daten-Verarbeitungsvorg\u00e4nge sowohl im Rahmen unserer Kernt\u00e4tigkeit als auch f\u00fcr die von uns vorgehaltenen Online-Medien.<br \/>\nWer bei uns f\u00fcr die Datenverarbeitung verantwortlich ist<\/p>\n<h2>Verantwortlich f\u00fcr die Datenverarbeitung ist:<\/h2>\n<p>Dalibor Strk<br \/>\nBlumenweg 8<br \/>\n72189 V\u00f6hringen<\/p>\n<p>Telefon: 07454\/9607960<br \/>\nE-Mail: info@dastfinanz.de<\/p>\n<p><a href=\"https:\/\/www.dastfinanz.de\/impressum\/\" target=\"_blank\" rel=\"noopener\">https:\/\/www.dastfinanz.de\/impressum\/<\/a><\/p>\n<p><strong>Verarbeitung Ihrer Daten im Rahmen der von uns erbrachten handwerklichen Leistungen<\/strong><\/p>\n<p>Sofern Sie unser Kunde oder Gesch\u00e4ftspartner sind oder sich f\u00fcr die Leistungen unseres Handwerksbetriebes interessieren, richtet sich Art, Umfang und Zweck der Verarbeitung Ihrer Daten nach dem zwischen uns bestehenden vertraglichen bzw. vorvertraglichen Beziehungen. In diesem Sinne geh\u00f6ren zu den von uns verarbeiteten Daten all diejenigen Daten, die wir von Ihnen abfragen oder die Sie uns bereitstellen, um Ihre Anfrage zu beantworten, Ihnen ein Angebot zu erstellen oder Ihre Bestellung zu bearbeiten. Sofern sich aus den weiteren Hinweisen dieser Datenschutzerkl\u00e4rung nichts anderes ergibt, beschr\u00e4nkt sich die Verarbeitung Ihrer Daten sowie deren Weitergabe an Dritte auf diejenigen Daten, die zur Beantwortung Ihrer Anfragen und\/oder zur Erf\u00fcllung des zwischen Ihnen und uns geschlossenen Vertrages, zur Wahrung unserer Rechte sowie zur Erf\u00fcllung gesetzlicher Pflichten erforderlich und zweckm\u00e4\u00dfig sind. Welche Daten hierf\u00fcr erforderlich sind, teilen wir Ihnen vor oder im Rahmen der Datenerhebung mit. Soweit wir zur Erbringung unserer Leistungen Drittanbieter einsetzen, gelten die Datenschutzhinweise der jeweiligen Drittanbieter.<\/p>\n<p><strong>Betroffene Daten:<\/strong><\/p>\n<p>Bestandsdaten (bspw. Namen, Adressen)<br \/>\nZahlungsdaten (bspw. Bankverbindungsdaten, Rechnungen)<br \/>\nKontakdaten (bspw. E-Mail-Adresse, Telefonnummer, Postanschrift)<br \/>\nVertragsdaten (bspw. Vertragsgegenstand, Vertragsdauer)<\/p>\n<p>Betroffene Personen: Interessenten, Gesch\u00e4fts- und Vertragspartner<\/p>\n<p>Verarbeitungszweck: Abwicklung vertraglicher Leistungen, Kommunikation sowie Beantwortung von Kontaktanfragen, B\u00fcro und Organisationsverfahren<\/p>\n<p>Rechtsgrundlage: Vertragserf\u00fcllung und vorvertragliche Anfragen, Art. 6 Abs. 1 lit. b DSGVO, rechtliche Verpflichtung, Art. 6 Abs. 1 lit. c DSGVO, berechtigtes Interesse, Art. 6 Abs. 1 lit. f DSGVO<br \/>\nIhre Rechte nach der DSGVO<\/p>\n<p>Nach der DSGVO stehen Ihnen die nachfolgend aufgef\u00fchrten Rechte zu, die Sie jederzeit bei dem in Ziffer 1. dieser Datenschutzerkl\u00e4rung genannten Verantwortlichen geltend machen k\u00f6nnen:<\/p>\n<p>Recht auf Auskunft: Sie haben das Recht, von uns Auskunft dar\u00fcber zu verlangen, ob und welche Daten wir von Ihnen verarbeiten.<br \/>\nRecht auf Berichtigung: Sie haben das Recht, die Berichtigung unrichtiger oder Vervollst\u00e4ndigung unvollst\u00e4ndiger Daten zu verlangen.<br \/>\nRecht auf L\u00f6schung: Sie haben das Recht, die L\u00f6schung Ihrer Daten zu verlangen.<br \/>\nRecht auf Einschr\u00e4nkung: Sie haben in bestimmten F\u00e4llen das Recht zu verlangen, dass wir Ihre Daten nur noch eingeschr\u00e4nkt bearbeiten.<br \/>\nRecht auf Daten\u00fcbertragbarkeit: Sie haben das Recht zu verlangen, dass wir Ihnen oder einem anderen Verantwortlichen Ihre Daten in einem strukturierten, g\u00e4ngigen und maschinenlesebaren Format \u00fcbermitteln.<br \/>\nBeschwerderecht: Sie haben das Recht, sich bei einer Aufsichtsbeh\u00f6rde zu beschweren. Zust\u00e4ndig ist die Aufsichtsbeh\u00f6rde Ihres \u00fcblichen Aufenthaltsortes, Ihres Arbeitsplatzes oder unseres Firmensitzes.<\/p>\n<h2>Widerrufsrecht<\/h2>\n<p>Sie haben das Recht, die von Ihnen erteilte Einwilligung zur Datenverarbeitung jederzeit zu widerrufen.<\/p>\n<h3>Widerspruchsrecht<\/h3>\n<p>Sie haben das Recht, jederzeit gegen die Verarbeitung Ihrer Daten, die wir auf unser berechtigtes Interesse nach Art. 6 Abs. 1 lit. f DSGVO st\u00fctzen, Widerspruch einzulegen. Sofern Sie von Ihrem Widerspruchsrecht Gebrauch machen, bitten wir Sie um die Darlegung der Gr\u00fcnde. Wir werden Ihre personenbezogenen Daten dann nicht mehr verarbeiten, es sei denn, wir k\u00f6nnen Ihnen gegen\u00fcber nachweisen, dass zwingende schutzw\u00fcrdige Gr\u00fcnde an der Datenverarbeitung Ihre Interessen und Rechte \u00fcberwiegen.<\/p>\n<p>Unabh\u00e4ngig vom vorstehend Gesagten, haben Sie das jederzeitige Recht, der Verarbeitung Ihrer personenbezogenen Daten f\u00fcr Zwecke der Werbung und Datenanalyse zu widersprechen.<\/p>\n<p>Ihren Widerspruch richten Sie bitte an die oben angegebene Kontaktadresse des Verantwortlichen.<br \/>\nWann l\u00f6schen wir Ihre Daten?<\/p>\n<p>Wir l\u00f6schen Ihre Daten dann, wenn wir diese nicht mehr brauchen oder Sie uns dies vorgeben. Dass bedeutet, dass \u2013 sofern sich aus den einzelnen Datenschutzhinweisen dieser Datenschutzerkl\u00e4rung nichts anderes ergibt \u2013 wir Ihre Daten l\u00f6schen,<\/p>\n<p>wenn der Zweck der Datenverarbeitung weggefallen ist und damit die jeweilige in den einzelnen Datenschutzhinweisen genannte Rechtsgrundlage nicht mehr besteht, also bspw.<br \/>\nnach Beendigung der zwischen uns bestehenden vertraglichen oder mitgliedschaftlichen Beziehungen (Art. 6 Abs. 1 lit. a DSGVO) oder<br \/>\nnach Wegfall unseres berechtigten Interesses an der weiteren Verarbeitung oder Speicherung Ihrer Daten (Art. 6 Abs. 1 lit. f DSGVO),<br \/>\nwenn Sie von Ihrem Widerrufsrecht Gebrauch machen und keine anderweitige gesetzliche Rechtsgrundlage f\u00fcr die Verarbeitung im Sinne von Art. 6 Abs. 1 lit. b-f DSGVO eingreift,<br \/>\nwenn Sie vom Ihrem Widerspruchsrecht Gebrauch machen und der L\u00f6schung keine zwingenden schutzw\u00fcrdigen Gr\u00fcnde entgegenstehen.<\/p>\n<p>Sofern wir (bestimmte Teile) Ihre(r) Daten jedoch noch f\u00fcr andere Zwecke vorhalten m\u00fcssen, weil dies etwa steuerliche Aufbewahrungsfristen (in der Regel 6 Jahre f\u00fcr Gesch\u00e4ftskorrespondenz bzw. 10 Jahre f\u00fcr Buchungsbelege) oder die Geltendmachung, Aus\u00fcbung oder Verteidigung von Rechtsanspr\u00fcchen aus vertraglichen Beziehungen (bis zu vier Jahren) erforderlich machen oder die Daten zum Schutz der Rechte einer anderen nat\u00fcrlichen oder juristischen Person gebraucht werden, l\u00f6schen wir (den Teil) Ihre(r) Daten erst nach Ablauf dieser Fristen. Bis zum Ablauf dieser Fristen beschr\u00e4nken wir die Verarbeitung dieser Daten jedoch auf diese Zwecke (Erf\u00fcllung der Aufbewahrungspflichten).<\/p>\n<h2>Cookies<\/h2>\n<p>Unsere Internetseite nutzt Cookies. Bei Cookies handelt es sich um kleine Textdateien, bestehend aus einer Reihe von Zahlen und Buchstaben, die auf dem von Ihnen genutzten Endger\u00e4t abgelegt und gespeichert werden. Cookies dienen vorrangig dazu, Informationen zwischen dem von Ihnen genutzten Endger\u00e4t und unserer Webseite auszutauschen. Hierzu geh\u00f6ren u. a. die Spracheinstellungen auf einer Webseite, der Login-Status oder die Stelle, an der ein Video geschaut wurde.<\/p>\n<p>Beim Besuch unserer Webseiten werden zwei Typen von Cookies eingesetzt:<\/p>\n<p>Tempor\u00e4re Cookies (Session Cookies): Diese speichern eine sogenannte Session-ID, mit welcher sich verschiedene Anfragen Ihres Browsers der gemeinsamen Sitzung zuordnen lassen. Die Session-Cookies werden gel\u00f6scht, wenn Sie sich ausloggen oder Ihren Browser schlie\u00dfen.<br \/>\nPermanente Cookies: Permanente Cookies bleiben auch nach dem Schlie\u00dfen des Browsers gespeichert. Dadurch erkennt unsere Webseite Ihren Rechner wieder, wenn Sie auf unsere Webseite zur\u00fcckkehren. In diesen Cookies werden beispielsweise Informationen zu Spracheinstellungen oder Log-In-Informationen gespeichert. Au\u00dferdem kann mit diesen Cookies Ihr Surfverhalten dokumentiert und gespeichert werden. Diese Daten k\u00f6nnen zu Statistik-, Marketing- und Personalisierungs-Zwecken verwendet werden.<\/p>\n<p>Neben der vorstehenden Einteilung k\u00f6nnen Cookies auch im Hinblick auf ihren Einsatzzweck unterschieden werden:<\/p>\n<p>Notwendige Cookies: Dies sind Cookies, die f\u00fcr den Betrieb unserer Webseite unbedingt erforderlich sind, um Logins oder Warenk\u00f6rbe f\u00fcr die Dauer Ihrer Sitzung zu speichern oder Cookies, die aus Sicherheitsgr\u00fcnden gesetzt werden.<br \/>\nStatistik-, Marketing- und Personalisierungs-Cookies: Dies sind Cookies, die f\u00fcr Analysezwecke oder die Reichweitenmessung eingesetzt werden. \u00dcber solche \u201cTracking\u201d-Cookies k\u00f6nnen insbesondere Informationen zu eingegebenen Suchbegriffen oder die H\u00e4ufigkeit von Seitenaufrufen gespeichert sein. Daneben kann aber auch das Surfverhalten eines einzelnen Nutzers (z. B. Betrachten bestimmter Inhalte, Nutzen von Funktionen etc.) in einem Nutzerprofil gespeichert werden. Solche Profile werden genutzt, um Nutzern Inhalte anzuzeigen, die deren potentiellen Interessen entsprechen. Soweit wir Dienste nutzen, \u00fcber die Cookies zu Statistik-, Marketing- und Personalisierungs-Zwecken auf Ihrem Endger\u00e4t gespeichert werden, informieren wir Sie hierzu gesondert in den nachfolgenden Abschnitten unserer Datenschutzerkl\u00e4rung oder im Rahmen der Einholung Ihrer Einwilligung.<\/p>\n<p><strong>Betroffene Daten:<\/strong><\/p>\n<p>Nutzungsdaten (bspw. Zugriffszeiten, angeklickte Webseiten)<br \/>\nKommunikationsdaten (bspw. Informationen \u00fcber das genutzte Ger\u00e4t, IP-Adresse).<\/p>\n<p>Betroffene Personen: Nutzer unserer Onlineangebote<\/p>\n<p>Verarbeitungszweck: Ausspielen unserer Internetseiten, Gew\u00e4hrleistung des Betriebs unserer Internetseiten, Verbesserung unseres Internetangebotes, Kommunikation und Marketig<\/p>\n<p>Rechtsgrundlage:<br \/>\nBerechtigtes Interesse, Art. 6 Abs. 1 lit. f DSGVO<br \/>\nSofern wir von Ihnen keine Einwilligung in das Setzen der Cookies einholen, st\u00fctzen wir die Verarbeitung Ihrer Daten auf unser berechtigtes Interesse, die Qualit\u00e4t und Benutzerfreundlichkeit unseres Internetauftritts, insbesondere der Inhalte und Funktionen zu verbessern. Sie haben \u00fcber die Sicherheitseinstellungen Ihres Browsers, dem Einsatz der von uns im Rahmen unseres berechtigten Interesses gesetzten Cookies zu widersprechen. Dort haben Sie die M\u00f6glichkeit festzulegen, ob Sie etwa von vornherein keine oder nur auf Nachfrage Cookies akzeptieren oder aber festlegen, dass Cookies nach jedem Schlie\u00dfen Ihres Browsers gel\u00f6scht werden. Werden Cookies f\u00fcr unsere Webseite deaktiviert, k\u00f6nnen m\u00f6glicherweise nicht mehr alle Funktionen der Webseite vollumf\u00e4nglich genutzt werden.<\/p>\n<p>Einwilligung, Art. 6 Abs. 1 lit. a DSGVO<br \/>\nSofern wir Sie vor Ihrem Besuch unserer Internetpr\u00e4senz darum bitten, bestimmte Cookies auf Ihr Endger\u00e4t setzen zu d\u00fcrfen, und Sie hierein einwilligen, ist in der von Ihnen erteilten Einwilligung die Rechtsgrundlage zu sehen. Wir informieren Sie im Rahmen der Einwilligung dar\u00fcber, welche Cookies wir im Einzelnen setzen. Sofern Sie diese Einwilligung nicht erteilen, setzen sich lediglich die sogenannten technisch notwendigen Cookies, die f\u00fcr den ordnungsgem\u00e4\u00dfen Betrieb unserer Internetseiten sowie deren Darstellung in Ihrem Browser erforderlich sind. Sofern Sie in das Setzen von Cookies eingewilligt haben, haben die jederzeitige M\u00f6glichkeit, uns gegen\u00fcber der erteilten Einwilligung zu widerrufen.<\/p>\n<p>Diese Webseite nutzt zur Einholung wirksamer Nutzereinwilligungen f\u00fcr einwilligungspflichtige Cookies und cookie-basierte Anwendungen das Cookie-Consent-Tool der Complianz B.V., Atoomweg 6B, 9743 AK, Groningen, Niederlande (\u201eComplianz\u201c). Durch Einbindung eines entsprechenden JavaScript-Codes wird Nutzern beim Seitenaufruf ein Banner angezeigt, in welchem sich per H\u00e4kchensetzung Einwilligungen f\u00fcr bestimmte Cookies und\/oder cookie-basierte Anwendungen erteilen lassen. Hierbei werden durch den Einsatz des Tools alle einwilligungspflichtigen Cookies\/Dienste erst dann geladen, wenn der jeweilige Nutzer entsprechende Einwilligungen per H\u00e4kchensetzung erteilt. So wird sichergestellt, dass nur im Falle einer erteilten Einwilligung derartige Cookies auf dem jeweiligen Endger\u00e4t des Nutzers gesetzt werden. Das Tool setzt technisch notwendige Cookies, um Ihre Cookie-Pr\u00e4ferenzen zu speichern. Personenbezogene Nutzerdaten werden hierbei nicht verarbeitet.<\/p>\n<h2>Webhosting<\/h2>\n<p>Wir bedienen uns zum Vorhalten unserer Internetseiten eines Anbieters, auf dessen Server unsere Internetseiten gespeichert und f\u00fcr den Abruf im Internet verf\u00fcgbar gemacht werden (Hosting). Hierbei k\u00f6nnen von dem Anbieter all diejenigen \u00fcber den von Ihnen genutzten Browser \u00fcbertragenen Daten verarbeitet werden, die bei der Nutzung unserer Internetseiten anfallen. Hierzu geh\u00f6ren insbesondere Ihre IP-Adresse, die der Anbieter ben\u00f6tigt, um unser Online-Angebot an den von Ihnen genutzten Browser ausliefern zu k\u00f6nnen sowie s\u00e4mtliche von Ihnen \u00fcber unsere Internetseite get\u00e4tigten Eingaben. Daneben kann der von uns genutzte Anbieter<\/p>\n<p>das Datum und die Uhrzeit des Zugriffs auf unsere Internetseite<br \/>\nZeitzonendifferenz zur Greenwich Mean Time (GMT)<br \/>\nZugriffsstatus (HTTP-Status)<br \/>\ndie \u00fcbertragene Datenmenge<br \/>\nder Internet-Service-Provider des zugreifenden Systems<br \/>\nder von Ihnen verwendete Browsertyp und dessen Version<br \/>\ndas von Ihnen verwendete Betriebssystem<br \/>\ndie Internetseite, von welcher Sie gegebenenfalls auf unsere Internetseite gelangt sind<br \/>\ndie Seiten bzw. Unterseiten, welche Sie auf unserer Internetseite besuchen.<\/p>\n<p>erheben. Die vorgenannten Daten werden als Logfiles auf den Servern unseres Anbieters gespeichert. Dies ist erforderlich, um die Stabilit\u00e4t und Sicherheit des Betriebs unserer Internetseite zu gew\u00e4hrleisten.<\/p>\n<p><strong>Betroffene Daten:<\/strong><\/p>\n<p>Inhaltsdaten (bspw. Posts, Fotos, Videos)<br \/>\nNutzungsdaten (bspw. Zugriffszeiten, angeklickte Webseiten)<br \/>\nKommunikationsdaten (bspw. Informationen \u00fcber das genutzte Ger\u00e4t, IP-Adresse)<\/p>\n<p>Betroffene Personen: Nutzer unserer Internetpr\u00e4senz<\/p>\n<p>Verarbeitungszweck: Ausspielen unserer Internetseiten, Gew\u00e4hrleistung des Betriebs unserer Internetseiten<\/p>\n<p>Rechtsgrundlage: Berechtigtes Interesse, Art. 6 Abs. 1 lit. f DSGVO<\/p>\n<p>Von uns beauftragte(r) Webhoster:<\/p>\n<p>Host Europe<\/p>\n<p>Dienstanbieter: Host Europe GmbH, Hansestrasse 111, 51149 K\u00f6ln<br \/>\nInternetseite: https:\/\/www.hosteurope.de\/<br \/>\nDatenschutzerkl\u00e4rung: https:\/\/www.hosteurope.de\/AGB\/Datenschutzerklaerung\/<br \/>\nKontaktaufnahme<\/p>\n<p>Soweit Sie uns \u00fcber E-Mail, Soziale Medien, Telefon, Fax, Post, unser Kontaktformular oder sonstwie ansprechen und uns hierbei personenbezogene Daten wie Ihren Namen, Ihre Telefonnummer oder Ihre E-Mail-Adresse zur Verf\u00fcgung stellen oder weitere Angaben zur Ihrer Person oder Ihrem Anliegen machen, verarbeiten wir diese Daten zur Beantwortung Ihrer Anfrage im Rahmen des zwischen uns bestehenden vorvertraglichen oder vertraglichen Beziehungen.<\/p>\n<p>Betroffene Daten:<\/p>\n<p>Bestandsdaten (bspw. Namen, Adressen)<br \/>\nKontakdaten (bspw. E-Mail-Adresse, Telefonnummer, Postanschrift)<br \/>\nInhaltsdaten (Texte, Fotos, Videos)<br \/>\nVertragsdaten (bspw. Vertragsgegenstand, Vertragsdauer)<\/p>\n<p>Betroffene Personen: Interessenten, Kunden, Gesch\u00e4fts- und Vertragspartner<\/p>\n<p>Verarbeitungszweck: Kommunikation sowie Beantwortung von Kontaktanfragen, B\u00fcro und Organisationsverfahren<\/p>\n<p>Rechtsgrundlage: Vertragserf\u00fcllung und vorvertragliche Anfragen, Art. 6 Abs. 1 lit. b DSGVO, berechtigtes Interesse, Art. 6 Abs. 1 lit. f DSGVO<\/p>\n<h2>Content-Dienste<\/h2>\n<p>Wir nutzen bestimmte Dienste, um \u00fcber unsere Internetpr\u00e4senz bestimmte Inhalte oder Grafiken (Videos, Bilder, Musik, Schriftarten, Kartenmaterial) ausspielen zu k\u00f6nnen. Dabei verarbeiten die von uns eingesetzten Dienste die Ihnen zum Zeitpunkt Ihres Besuchs auf unseren Internetseiten zugeordnete IP-Adresse, da nur so der jeweilige Inhalt in dem von Ihnen verwendeten Browser dargestellt werden kann. Dar\u00fcber hinaus k\u00f6nnen die Anbieter dieser Dienste weitere Cookies auf Ihr Endger\u00e4t setzen, \u00fcber die Informationen \u00fcber Ihr Nutzungsverhalten, Ihre Interessen, das von Ihnen verwendete Ger\u00e4t und den verwendeten Browser sowie Zeitpunkt und Dauer Ihrer Sitzung erhoben werden. Diese Daten verwenden die Anbieter regelm\u00e4\u00dfig f\u00fcr Analyse-, Statistik- und Marketingzwecke. Zudem k\u00f6nnen diese Informationen k\u00f6nnen auch mit Informationen aus anderen Quellen verbunden werden. Dies gilt insbesondere dann, wenn Sie selbst einen Account bei dem Dienstanbieter unterhalten und zum Zeitpunkt der Sitzung dort eingeloggt sind.<\/p>\n<p>Wir weisen darauf hin, dass je nach Sitzland des nachstehend genannten Diensteanbieters die nachfolgend n\u00e4her benannten Daten auf Server au\u00dferhalb des Raumes der Europ\u00e4ischen Union \u00fcbertragen und verarbeitet werden k\u00f6nnen. Es besteht in diesem Fall das Risiko, dass das von der DSGVO vorgeschriebene Datenschutzniveau nicht eingehalten und die Durchsetzung Ihrer Rechte nicht oder nur erschwert erfolgen kann.<\/p>\n<p><strong>Betroffene Daten:<\/strong><\/p>\n<p>Nutzungsdaten (bspw. Zugriffszeiten, angeklickte Webseiten)<br \/>\nKommunikationsdaten (bspw. Informationen \u00fcber das genutzte Ger\u00e4t, IP-Adresse)<\/p>\n<p>Betroffene Personen: Nutzer unserer Internetpr\u00e4senz<\/p>\n<p>Verarbeitungszweck: Ausspielen unserer Internetseiten, Anbieten von Inhalten, Gew\u00e4hrleistung des Betriebs unserer Internetseiten<\/p>\n<p>Rechtsgrundlage: Einwilligung \u00fcber Cookie-Consent-Banner, Art. 6 Abs. 1 lit. a DSGVO, berechtigte Interessen, Art. 6 Abs. 1 lit. f DSGVO<\/p>\n<p>Wir nutzen folgende Content-Dienste:<\/p>\n<p><strong>YouTube<\/strong><\/p>\n<p>Wir nutzen auf dieser Webseite Komponenten von YouTube, um hier\u00fcber Videos auf unseren Internetseiten einzubinden, so dass diese \u00fcber Ihren Internetbrowser abgespielt werden k\u00f6nnen, wenn Sie unsere Internetseiten besuchen. W\u00e4hrend Ihres Besuchs unseren Internetseiten werden sowohl YouTube als auch Google dar\u00fcber informiert welche Seite bzw. Unterseite Sie aufgerufen haben, indem Ihre IP-Adresse an die externen Server von Google in den USA \u00fcbermittelt wird. Diese Informations\u00fcbermittlung erfolgt unabh\u00e4ngig davon, ob die angezeigten Videos tats\u00e4chlich betrachtet oder angeklickt werden oder Sie in Ihrem YouTube oder Google Account eingeloggt sind. Diese Informationen werden gesammelt und Ihrem Google-Account zugeordnet, sofern Sie dort eingeloggt sind, wenn Sie unsere Internetseiten aufrufen.<\/p>\n<p>Dienstanbieter: YouTube, LLC, 901 Cherry Ave., San Bruno, CA 94066, USA<br \/>\nInternetseite: https:\/\/www.youtube.com\/<br \/>\nDatenschutzerkl\u00e4rung: https:\/\/policies.google.com\/privacy<br \/>\nOpt-Out-M\u00f6glichkeit: https:\/\/tools.google.com\/dlpage\/gaoptout?hl=de<br \/>\nSicherheitsma\u00dfnahmen<\/p>\n<p>Wir treffen im \u00dcbrigen technische und organisatorische Sicherheitsma\u00dfnahmen nach dem Stand der Technik, um die Vorschriften der Datenschutzgesetze einzuhalten und Ihre Daten gegen zuf\u00e4llige oder vors\u00e4tzliche Manipulationen, teilweisen oder vollst\u00e4ndigen Verlust, Zerst\u00f6rung oder gegen den unbefugten Zugriff Dritter zu sch\u00fctzen.<br \/>\nAktualit\u00e4t und \u00c4nderung dieser Datenschutzerkl\u00e4rung<\/p>\n<p>Diese Datenschutzerkl\u00e4rung ist aktuell g\u00fcltig und hat den Stand M\u00e4rz 2021. Aufgrund ge\u00e4nderter gesetzlicher bzw. beh\u00f6rdlicher Vorgaben kann es notwendig werden, diese Datenschutzerkl\u00e4rung anzupassen.<br \/>\nDiese Datenschutzerkl\u00e4rung wurde mit Hilfe des Datenschutz-Generators von SOS Recht erstellt. SOS Recht ist ein Angebot der Mueller.legal Rechtsanw\u00e4lte Partnerschaft mit Sitz in Berlin.<\/p>\n","protected":false},"excerpt":{"rendered":"<p>Datenschutzerkl\u00e4rung Mit dieser Datenschutzerkl\u00e4rung m\u00f6chten wir Sie \u00fcber Art, Umfang und Zweck der Verarbeitung von personenbezogenen Daten (im Folgenden auch nur als \u201cDaten\u201d bezeichnet) aufkl\u00e4ren. Personenbezogene Daten sind alle Daten, die einen pers\u00f6nlichen Bezug zu Ihnen aufweisen, z. B. Name, Adresse, E-Mail-Adresse oder Ihr Nutzerverhalten. Die Datenschutzerkl\u00e4rung gilt f\u00fcr alle von uns vorgenommene Daten-Verarbeitungsvorg\u00e4nge sowohl [&hellip;]<\/p>\n","protected":false},"author":3,"featured_media":0,"parent":0,"menu_order":0,"comment_status":"closed","ping_status":"closed","template":"","meta":{"footnotes":""},"class_list":["post-3766","page","type-page","status-publish","hentry"],"_links":{"self":[{"href":"https:\/\/www.dastfinanz.de\/side\/wp-json\/wp\/v2\/pages\/3766","targetHints":{"allow":["GET"]}}],"collection":[{"href":"https:\/\/www.dastfinanz.de\/side\/wp-json\/wp\/v2\/pages"}],"about":[{"href":"https:\/\/www.dastfinanz.de\/side\/wp-json\/wp\/v2\/types\/page"}],"author":[{"embeddable":true,"href":"https:\/\/www.dastfinanz.de\/side\/wp-json\/wp\/v2\/users\/3"}],"replies":[{"embeddable":true,"href":"https:\/\/www.dastfinanz.de\/side\/wp-json\/wp\/v2\/comments?post=3766"}],"version-history":[{"count":0,"href":"https:\/\/www.dastfinanz.de\/side\/wp-json\/wp\/v2\/pages\/3766\/revisions"}],"wp:attachment":[{"href":"https:\/\/www.dastfinanz.de\/side\/wp-json\/wp\/v2\/media?parent=3766"}],"curies":[{"name":"wp","href":"https:\/\/api.w.org\/{rel}","templated":true}]}}