{"id":3788,"date":"2018-10-03T18:22:29","date_gmt":"2018-10-03T16:22:29","guid":{"rendered":"http:\/\/www.dastfinanz.de\/side\/?page_id=3788"},"modified":"2021-03-31T17:33:40","modified_gmt":"2021-03-31T15:33:40","slug":"finanzierung-so-funktioniert-es","status":"publish","type":"page","link":"https:\/\/www.dastfinanz.de\/side\/finanzierung-so-funktioniert-es\/","title":{"rendered":"Ablauf"},"content":{"rendered":"\n<style type=\"text\/css\" data-created_by=\"avia_inline_auto\" id=\"style-css-av-kd51j0-81383aeaca98f9ecb846960dec88de5c\">\n.avia-section.av-kd51j0-81383aeaca98f9ecb846960dec88de5c .av-parallax .av-parallax-inner{\nbackground-repeat:no-repeat;\nbackground-image:url(https:\/\/www.dastfinanz.de\/side\/wp-content\/uploads\/2021\/03\/geld-envanto.jpg);\nbackground-position:50% 50%;\nbackground-attachment:scroll;\n}\n<\/style>\n<div id='av_section_1'  class='avia-section av-kd51j0-81383aeaca98f9ecb846960dec88de5c main_color avia-section-default avia-no-shadow  avia-builder-el-0  el_before_av_iconlist  avia-builder-el-first  avia-full-stretch av-parallax-section avia-bg-style-parallax av-minimum-height av-minimum-height-25 av-height-25  container_wrap sidebar_right'  data-section-bg-repeat='stretch' data-av_minimum_height_pc='25' data-av_min_height_opt='25'><div class='av-parallax' data-avia-parallax-ratio='0.3' ><div class='av-parallax-inner main_color avia-full-stretch'><\/div><\/div><div class='container av-section-cont-open' ><main  role=\"main\" itemprop=\"mainContentOfPage\"  class='template-page content  av-content-small alpha units'><div class='post-entry post-entry-type-page post-entry-3788'><div class='entry-content-wrapper clearfix'>\n<section  class='av_textblock_section av-iqe79o-e6d335c35d5d878e1dde842cd587d7fb '   itemscope=\"itemscope\" itemtype=\"https:\/\/schema.org\/CreativeWork\" ><div class='avia_textblock'  itemprop=\"text\" ><h1 style=\"text-align: center;\">So funktioniert\u00b4s<\/h1>\n<\/div><\/section>\n<\/div><\/div><\/main><!-- close content main element --><\/div><\/div><div id='after_section_1'  class='main_color av_default_container_wrap container_wrap sidebar_right'  ><div class='container av-section-cont-open' ><div class='template-page content  av-content-small alpha units'><div class='post-entry post-entry-type-page post-entry-3788'><div class='entry-content-wrapper clearfix'>\n<div  class='avia-icon-list-container av-hymjm4-f0c81c7c85b0729d92811184c06bb2b1  avia-builder-el-2  el_after_av_section  el_before_av_textblock  avia-builder-el-first '><ul class='avia-icon-list avia_animate_when_almost_visible avia-icon-list-left av-iconlist-big av-hymjm4-f0c81c7c85b0729d92811184c06bb2b1 avia-iconlist-animate'>\n<li><div class='iconlist_icon av-5nwvw-90677392bb6d71725d7a352712a74c0f avia-font-entypo-fontello'><span class='iconlist-char' aria-hidden='true' data-av_icon='\ue803' data-av_iconfont='entypo-fontello'><\/span><\/div><article class=\"article-icon-entry \"  itemscope=\"itemscope\" itemtype=\"https:\/\/schema.org\/CreativeWork\" ><div class=\"iconlist_content_wrap\"><header class=\"entry-content-header\"><h4 class='av_iconlist_title iconlist_title  '  itemprop=\"headline\" >Art des Kredites<\/h4><\/header><div class='iconlist_content '  itemprop=\"text\" ><p>Entscheiden Sie, ob Sie eine Immobilienfinanzierung oder einen Privatkredit ben\u00f6tigen.<\/p>\n<\/div><\/div><footer class=\"entry-footer\"><\/footer><\/article><div class=\"iconlist-timeline\"><\/div><\/li>\n<li><div class='iconlist_icon av-ebpbos-4236ac4c28aba23c57cc2a038336d2af avia-font-entypo-fontello'><span class='iconlist-char' aria-hidden='true' data-av_icon='\ue84d' data-av_iconfont='entypo-fontello'><\/span><\/div><article class=\"article-icon-entry \"  itemscope=\"itemscope\" itemtype=\"https:\/\/schema.org\/CreativeWork\" ><div class=\"iconlist_content_wrap\"><header class=\"entry-content-header\"><h4 class='av_iconlist_title iconlist_title  '  itemprop=\"headline\" >Antrag er\u00f6ffnen<\/h4><\/header><div class='iconlist_content '  itemprop=\"text\" ><p>\u00d6ffnen Sie hier das Anfrageformular und f\u00fcllen dies aus. Je mehr Informationen, desto h\u00f6her Ihre Chancen auf eine positive Zusage.<\/p>\n<\/div><\/div><footer class=\"entry-footer\"><\/footer><\/article><div class=\"iconlist-timeline\"><\/div><\/li>\n<li><div class='iconlist_icon av-cr6030-002063210659753973f1e360c99938d5 avia-font-entypo-fontello'><span class='iconlist-char' aria-hidden='true' data-av_icon='\ue844' data-av_iconfont='entypo-fontello'><\/span><\/div><article class=\"article-icon-entry \"  itemscope=\"itemscope\" itemtype=\"https:\/\/schema.org\/CreativeWork\" ><div class=\"iconlist_content_wrap\"><header class=\"entry-content-header\"><h4 class='av_iconlist_title iconlist_title  '  itemprop=\"headline\" >Formular absenden<\/h4><\/header><div class='iconlist_content '  itemprop=\"text\" ><p>Wir pr\u00fcfen den Antrag binnen 48 Stunden und melden uns dann umgehend bei Ihnen.<\/p>\n<\/div><\/div><footer class=\"entry-footer\"><\/footer><\/article><div class=\"iconlist-timeline\"><\/div><\/li>\n<li><div class='iconlist_icon av-amlvek-5c48c5c00999752ee40c50870805d043 avia-font-entypo-fontello'><span class='iconlist-char' aria-hidden='true' data-av_icon='\ue82b' data-av_iconfont='entypo-fontello'><\/span><\/div><article class=\"article-icon-entry \"  itemscope=\"itemscope\" itemtype=\"https:\/\/schema.org\/CreativeWork\" ><div class=\"iconlist_content_wrap\"><header class=\"entry-content-header\"><h4 class='av_iconlist_title iconlist_title  '  itemprop=\"headline\" >Unverbindliches Angebot<\/h4><\/header><div class='iconlist_content '  itemprop=\"text\" ><p>Wir unterbreiten Ihnen ein unverbindlichen (ma\u00dfgeschneiderten) L\u00f6sungsvorschlag f\u00fcr Ihr Vorhaben.<\/p>\n<\/div><\/div><footer class=\"entry-footer\"><\/footer><\/article><div class=\"iconlist-timeline\"><\/div><\/li>\n<li><div class='iconlist_icon av-8kyc5o-e09a94edf6cd8ad5682ff22472a226c7 avia-font-entypo-fontello'><span class='iconlist-char' aria-hidden='true' data-av_icon='\ue812' data-av_iconfont='entypo-fontello'><\/span><\/div><article class=\"article-icon-entry \"  itemscope=\"itemscope\" itemtype=\"https:\/\/schema.org\/CreativeWork\" ><div class=\"iconlist_content_wrap\"><header class=\"entry-content-header\"><h4 class='av_iconlist_title iconlist_title  '  itemprop=\"headline\" >Angebotszusage<\/h4><\/header><div class='iconlist_content '  itemprop=\"text\" ><p>Das Angebot gef\u00e4llt Ihnen? Machen wir N\u00e4gel mit K\u00f6pfen. Wir gestalten die Unterlagenliste und die pers\u00f6nliche Selbstauskunft, welche Sie im Original unterzeichnen.<\/p>\n<\/div><\/div><footer class=\"entry-footer\"><\/footer><\/article><div class=\"iconlist-timeline\"><\/div><\/li>\n<li><div class='iconlist_icon av-802nz0-965c8541a85d92bbbb5781c0099e3b0e avia-font-entypo-fontello'><span class='iconlist-char' aria-hidden='true' data-av_icon='\ue88f' data-av_iconfont='entypo-fontello'><\/span><\/div><article class=\"article-icon-entry \"  itemscope=\"itemscope\" itemtype=\"https:\/\/schema.org\/CreativeWork\" ><div class=\"iconlist_content_wrap\"><header class=\"entry-content-header\"><h4 class='av_iconlist_title iconlist_title  '  itemprop=\"headline\" >Post<\/h4><\/header><div class='iconlist_content '  itemprop=\"text\" ><p>Schicken Sie uns die geforderten Unterlagen per Post zu mit der unterschriebenen Selbstauskunft zu.<\/p>\n<\/div><\/div><footer class=\"entry-footer\"><\/footer><\/article><div class=\"iconlist-timeline\"><\/div><\/li>\n<li><div class='iconlist_icon av-mfha4-16a83368e5a44d7f29807920022bd16f avia-font-entypo-fontello'><span class='iconlist-char' aria-hidden='true' data-av_icon='\ue80b' data-av_iconfont='entypo-fontello'><\/span><\/div><article class=\"article-icon-entry \"  itemscope=\"itemscope\" itemtype=\"https:\/\/schema.org\/CreativeWork\" ><div class=\"iconlist_content_wrap\"><header class=\"entry-content-header\"><h4 class='av_iconlist_title iconlist_title  '  itemprop=\"headline\" >Austausch<\/h4><\/header><div class='iconlist_content '  itemprop=\"text\" ><p>Wir machen die Unterlagen f\u00fcr die ausgesuchte Bank fertig und besprechen den Fall mit der Bank.<\/p>\n<\/div><\/div><footer class=\"entry-footer\"><\/footer><\/article><div class=\"iconlist-timeline\"><\/div><\/li>\n<li><div class='iconlist_icon av-4itx5o-eececdbff0748ccd4830f7cc9cca07b0 avia-font-entypo-fontello'><span class='iconlist-char' aria-hidden='true' data-av_icon='\ue81e' data-av_iconfont='entypo-fontello'><\/span><\/div><article class=\"article-icon-entry \"  itemscope=\"itemscope\" itemtype=\"https:\/\/schema.org\/CreativeWork\" ><div class=\"iconlist_content_wrap\"><header class=\"entry-content-header\"><h4 class='av_iconlist_title iconlist_title  '  itemprop=\"headline\" >Ergebnis<\/h4><\/header><div class='iconlist_content '  itemprop=\"text\" ><p>Innerhalb weniger Tage erhalten wir eine Zu- oder Absage. Diesen Entschluss teilen wir Ihnen mit. Bei einer Zusage erhalten Sie in den n\u00e4chsten Tagen Ihren Darlehensvertrag.<\/p>\n<\/div><\/div><footer class=\"entry-footer\"><\/footer><\/article><div class=\"iconlist-timeline\"><\/div><\/li>\n<\/ul><\/div>\n<section  class='av_textblock_section av-2hwbjw-18b777c73d8fc75ccc1b9ea71a648e9e '   itemscope=\"itemscope\" itemtype=\"https:\/\/schema.org\/CreativeWork\" ><div class='avia_textblock'  itemprop=\"text\" ><p><em>Hinweis: Beachten Sie bitte, da\u00df die jeweiligen Konditionen immer tagesabh\u00e4ngig sind. Ebenfalls setzen wir f\u00fcr eine positive Vermittlung Bonit\u00e4t und eine einwandfreie SCHUFA-Auskunft voraus. Sollten Sie negative Merkmale in der SCHUFA haben, setzen Sie sich bitte mit uns in Verbindung oder vermerken Sie diese in dem Feld &#8222;W\u00fcnsche\/Anregungen&#8220;.<\/em><\/p>\n<\/div><\/section>\n","protected":false},"excerpt":{"rendered":"","protected":false},"author":3,"featured_media":0,"parent":0,"menu_order":0,"comment_status":"closed","ping_status":"closed","template":"","meta":{"footnotes":""},"class_list":["post-3788","page","type-page","status-publish","hentry"],"_links":{"self":[{"href":"https:\/\/www.dastfinanz.de\/side\/wp-json\/wp\/v2\/pages\/3788","targetHints":{"allow":["GET"]}}],"collection":[{"href":"https:\/\/www.dastfinanz.de\/side\/wp-json\/wp\/v2\/pages"}],"about":[{"href":"https:\/\/www.dastfinanz.de\/side\/wp-json\/wp\/v2\/types\/page"}],"author":[{"embeddable":true,"href":"https:\/\/www.dastfinanz.de\/side\/wp-json\/wp\/v2\/users\/3"}],"replies":[{"embeddable":true,"href":"https:\/\/www.dastfinanz.de\/side\/wp-json\/wp\/v2\/comments?post=3788"}],"version-history":[{"count":0,"href":"https:\/\/www.dastfinanz.de\/side\/wp-json\/wp\/v2\/pages\/3788\/revisions"}],"wp:attachment":[{"href":"https:\/\/www.dastfinanz.de\/side\/wp-json\/wp\/v2\/media?parent=3788"}],"curies":[{"name":"wp","href":"https:\/\/api.w.org\/{rel}","templated":true}]}}